{"id":27,"date":"2023-07-13T15:18:06","date_gmt":"2023-07-13T13:18:06","guid":{"rendered":"http:\/\/vegvarspa.com\/?page_id=27"},"modified":"2023-09-25T10:20:57","modified_gmt":"2023-09-25T08:20:57","slug":"kisfaludy-program","status":"publish","type":"page","link":"http:\/\/vegvarspa.com\/ro\/kisfaludy-program\/","title":{"rendered":"Kisfaludy program"},"content":{"rendered":"<div data-elementor-type=\"wp-page\" data-elementor-id=\"27\" class=\"elementor elementor-27\">\n\t\t\t\t\t\t\t\t\t<section class=\"elementor-section elementor-top-section elementor-element elementor-element-bb93927 elementor-section-height-min-height elementor-section-boxed elementor-section-height-default elementor-section-items-middle\" data-id=\"bb93927\" data-element_type=\"section\" data-settings=\"{&quot;background_background&quot;:&quot;classic&quot;,&quot;shape_divider_bottom&quot;:&quot;triangle&quot;,&quot;shape_divider_bottom_negative&quot;:&quot;yes&quot;}\">\n\t\t\t\t\t\t\t<div class=\"elementor-background-overlay\"><\/div>\n\t\t\t\t\t\t<div class=\"elementor-shape elementor-shape-bottom\" data-negative=\"true\">\n\t\t\t<svg xmlns=\"http:\/\/www.w3.org\/2000\/svg\" viewbox=\"0 0 1000 100\" preserveaspectratio=\"none\">\n\t<path class=\"elementor-shape-fill\" d=\"M500.2,94.7L0,0v100h1000V0L500.2,94.7z\"\/>\n<\/svg>\t\t<\/div>\n\t\t\t\t\t<div class=\"elementor-container elementor-column-gap-default\">\n\t\t\t\t\t<div class=\"elementor-column elementor-col-100 elementor-top-column elementor-element elementor-element-4cfd4dd\" data-id=\"4cfd4dd\" data-element_type=\"column\">\n\t\t\t<div class=\"elementor-widget-wrap elementor-element-populated\">\n\t\t\t\t\t\t\t\t<div class=\"elementor-element elementor-element-699d793 elementor-widget elementor-widget-heading\" data-id=\"699d793\" data-element_type=\"widget\" data-widget_type=\"heading.default\">\n\t\t\t\t<div class=\"elementor-widget-container\">\n\t\t\t<style>\/*! elementor - v3.13.0 - 08-05-2023 *\/\n.elementor-heading-title{padding:0;margin:0;line-height:1}.elementor-widget-heading .elementor-heading-title[class*=elementor-size-]>a{color:inherit;font-size:inherit;line-height:inherit}.elementor-widget-heading .elementor-heading-title.elementor-size-small{font-size:15px}.elementor-widget-heading .elementor-heading-title.elementor-size-medium{font-size:19px}.elementor-widget-heading .elementor-heading-title.elementor-size-large{font-size:29px}.elementor-widget-heading .elementor-heading-title.elementor-size-xl{font-size:39px}.elementor-widget-heading .elementor-heading-title.elementor-size-xxl{font-size:59px}<\/style><h2 class=\"elementor-heading-title elementor-size-default\">KISFALUDY PROGRAM \u2013 P\u00c1LY\u00c1ZATOK<\/h2>\t\t<\/div>\n\t\t\t\t<\/div>\n\t\t\t\t\t<\/div>\n\t\t<\/div>\n\t\t\t\t\t\t\t<\/div>\n\t\t<\/section>\n\t\t\t\t<section class=\"elementor-section elementor-top-section elementor-element elementor-element-6dbbf9f elementor-section-boxed elementor-section-height-default elementor-section-height-default\" data-id=\"6dbbf9f\" data-element_type=\"section\" data-settings=\"{&quot;background_background&quot;:&quot;classic&quot;}\">\n\t\t\t\t\t\t\t<div class=\"elementor-background-overlay\"><\/div>\n\t\t\t\t\t\t\t<div class=\"elementor-container elementor-column-gap-default\">\n\t\t\t\t\t<div class=\"elementor-column elementor-col-100 elementor-top-column elementor-element elementor-element-0e67ec3\" data-id=\"0e67ec3\" data-element_type=\"column\">\n\t\t\t<div class=\"elementor-widget-wrap elementor-element-populated\">\n\t\t\t\t\t\t\t\t<section class=\"elementor-section elementor-inner-section elementor-element elementor-element-f4d4942 elementor-section-boxed elementor-section-height-default elementor-section-height-default\" data-id=\"f4d4942\" data-element_type=\"section\">\n\t\t\t\t\t\t<div class=\"elementor-container elementor-column-gap-default\">\n\t\t\t\t\t<div class=\"elementor-column elementor-col-50 elementor-inner-column elementor-element elementor-element-8243516\" data-id=\"8243516\" data-element_type=\"column\">\n\t\t\t<div class=\"elementor-widget-wrap elementor-element-populated\">\n\t\t\t\t\t\t\t\t<div class=\"elementor-element elementor-element-0f340e7 elementor-widget elementor-widget-image\" data-id=\"0f340e7\" data-element_type=\"widget\" data-widget_type=\"image.default\">\n\t\t\t\t<div class=\"elementor-widget-container\">\n\t\t\t<style>\/*! elementor - v3.13.0 - 08-05-2023 *\/\n.elementor-widget-image{text-align:center}.elementor-widget-image a{display:inline-block}.elementor-widget-image a img[src$=\".svg\"]{width:48px}.elementor-widget-image img{vertical-align:middle;display:inline-block}<\/style>\t\t\t\t\t\t\t\t\t\t\t\t<img loading=\"lazy\" decoding=\"async\" width=\"980\" height=\"218\" src=\"https:\/\/vegvarspa.com\/wp-content\/uploads\/2023\/07\/download-5.png\" class=\"attachment-large size-large wp-image-196\" alt=\"\" srcset=\"https:\/\/vegvarspa.com\/wp-content\/uploads\/2023\/07\/download-5.png 980w, https:\/\/vegvarspa.com\/wp-content\/uploads\/2023\/07\/download-5-300x67.png 300w, https:\/\/vegvarspa.com\/wp-content\/uploads\/2023\/07\/download-5-768x171.png 768w\" sizes=\"(max-width: 980px) 100vw, 980px\" \/>\t\t\t\t\t\t\t\t\t\t\t\t\t\t\t<\/div>\n\t\t\t\t<\/div>\n\t\t\t\t\t<\/div>\n\t\t<\/div>\n\t\t\t\t<div class=\"elementor-column elementor-col-50 elementor-inner-column elementor-element elementor-element-d712483\" data-id=\"d712483\" data-element_type=\"column\">\n\t\t\t<div class=\"elementor-widget-wrap elementor-element-populated\">\n\t\t\t\t\t\t\t\t<div class=\"elementor-element elementor-element-ff8eebc elementor-widget elementor-widget-heading\" data-id=\"ff8eebc\" data-element_type=\"widget\" data-widget_type=\"heading.default\">\n\t\t\t\t<div class=\"elementor-widget-container\">\n\t\t\t<h2 class=\"elementor-heading-title elementor-size-default\">MEGVAL\u00d3SULT FEJLESZT\u00c9SEINK<\/h2>\t\t<\/div>\n\t\t\t\t<\/div>\n\t\t\t\t<div class=\"elementor-element elementor-element-64ffa66 elementor-widget elementor-widget-heading\" data-id=\"64ffa66\" data-element_type=\"widget\" data-widget_type=\"heading.default\">\n\t\t\t\t<div class=\"elementor-widget-container\">\n\t\t\t<h2 class=\"elementor-heading-title elementor-size-default\">KISFALUDY P\u00c1LY\u00c1ZAT<\/h2>\t\t<\/div>\n\t\t\t\t<\/div>\n\t\t\t\t<div class=\"elementor-element elementor-element-bfebb39 elementor-widget elementor-widget-heading\" data-id=\"bfebb39\" data-element_type=\"widget\" data-widget_type=\"heading.default\">\n\t\t\t\t<div class=\"elementor-widget-container\">\n\t\t\t<h2 class=\"elementor-heading-title elementor-size-default\">A t\u00e1mogatott projekt a Kisfaludy Turisztikai Fejleszt\u00e9si Program keret\u00e9ben val\u00f3sul meg. K\u00f6sz\u00f6nj\u00fck Magyarorsz\u00e1g korm\u00e1nya t\u00e1mogat\u00e1s\u00e1t!<\/h2>\t\t<\/div>\n\t\t\t\t<\/div>\n\t\t\t\t\t<\/div>\n\t\t<\/div>\n\t\t\t\t\t\t\t<\/div>\n\t\t<\/section>\n\t\t\t\t<div class=\"elementor-element elementor-element-6825657 elementor-widget elementor-widget-heading\" data-id=\"6825657\" data-element_type=\"widget\" data-widget_type=\"heading.default\">\n\t\t\t\t<div class=\"elementor-widget-container\">\n\t\t\t<h2 class=\"elementor-heading-title elementor-size-default\">MEGVAL\u00d3SULT FEJLESZT\u00c9SEINK<\/h2>\t\t<\/div>\n\t\t\t\t<\/div>\n\t\t\t\t<div class=\"elementor-element elementor-element-80e1c57 elementor-widget elementor-widget-text-editor\" data-id=\"80e1c57\" data-element_type=\"widget\" data-widget_type=\"text-editor.default\">\n\t\t\t\t<div class=\"elementor-widget-container\">\n\t\t\t<style>\/*! elementor - v3.13.0 - 08-05-2023 *\/\n.elementor-widget-text-editor.elementor-drop-cap-view-stacked .elementor-drop-cap{background-color:#69727d;color:#fff}.elementor-widget-text-editor.elementor-drop-cap-view-framed .elementor-drop-cap{color:#69727d;border:3px solid;background-color:transparent}.elementor-widget-text-editor:not(.elementor-drop-cap-view-default) .elementor-drop-cap{margin-top:8px}.elementor-widget-text-editor:not(.elementor-drop-cap-view-default) .elementor-drop-cap-letter{width:1em;height:1em}.elementor-widget-text-editor .elementor-drop-cap{float:left;text-align:center;line-height:1;font-size:50px}.elementor-widget-text-editor .elementor-drop-cap-letter{display:inline-block}<\/style>\t\t\t\t<p>A t\u00e1mogat\u00e1si szerz\u0151d\u00e9s szerinti megval\u00f3s\u00edt\u00e1si hat\u00e1rid\u0151re (2020. 12. 31.) minden tervezett tev\u00e9kenys\u00e9get siker\u00fclt megval\u00f3s\u00edtanunk.<\/p><p><strong>A projekt keret\u00e9ben apartmanjaink (a vizesblokk kiv\u00e9tel\u00e9vel)\u00a0 teljes fel\u00faj\u00edt\u00e1son estek \u00e1t.<\/strong>\u00a0A berendez\u00e9si t\u00e1rgyak teljesk\u00f6r\u0171 cser\u00e9j\u00e9n t\u00fal, tisztas\u00e1gi fest\u00e9s,\u00a0\u00e9s\u00a0a kor\u00e1bban haszn\u00e1lt padl\u00f3sz\u0151nyeg meleg burkolatra t\u00f6rt\u00e9n\u0151 cser\u00e9je is\u00a0megval\u00f3sult.<\/p><ul><li>Kezd\u0151 munkaf\u00e1zisk\u00e9nt\u00a0<strong>a r\u00e9gi b\u00fatorzat ker\u00fclt kiszerel\u00e9sre, elt\u00e1vol\u00edt\u00e1sra<\/strong>. A padl\u00f3sz\u0151nyeget felszedt\u00fck, a r\u00e9gi konyhapult feletti hidegburkolatot levert\u00fck, a kor\u00e1bbi f\u00e9nyforr\u00e1sokat \u00e9s elektromos szerelv\u00e9nyeket elt\u00e1vol\u00edtottuk.<\/li><li><strong>A lak\u00f3t\u00e9rbe<\/strong>\u00a0az \u00faj b\u00fatorokkal harmoniz\u00e1l\u00f3 megjelen\u00e9s\u0171\u00a0<strong>lamin\u00e1lt padl\u00f3t tett\u00fcnk<\/strong>.<\/li><li>A\u00a0<strong>LED TV-k<\/strong>\u00a0m\u00f6g\u00e9 panelh\u00e1tfal ker\u00fclt, ami elrejti a \u2013 kor\u00e1bban l\u00e1tsz\u00f3 \u2013 \u00a0vezet\u00e9keket.<\/li><li>Az apartmanokban\u00a0<strong>elhelyezt\u00fcnk egy-egy \u00edr\u00f3asztalt sz\u00e9kkel<\/strong>, melyek els\u0151sorban az esetleges munkav\u00e9gz\u00e9si c\u00e9llal hozz\u00e1nk \u00e9rkez\u0151knek ny\u00fajtanak seg\u00edts\u00e9get, de lerak\u00f3asztalk\u00e9nt is t\u00f6k\u00e9letesen funkcion\u00e1lnak.<\/li><li><strong>Az \u00e1gyakat kit\u0171n\u0151 min\u0151s\u00e9g\u0171, modul\u00e1ris boxspring \u00e1gyakra cser\u00e9lt\u00fck<\/strong>, hihetetlen\u00fcl k\u00e9nyelmes matracokkal ell\u00e1tva. A kor\u00e1bban kiz\u00e1r\u00f3lag francia\u00e1gyk\u00e9nt funkcion\u00e1l\u00f3 \u00e1gyak most m\u00e1r ig\u00e9ny szerint pillanatok alatt sz\u00e9th\u00fazhat\u00f3k.<\/li><li><strong>Az \u00e1gyak fejv\u00e9g\u00e9ben integr\u00e1lt<\/strong>, modern, letisztult\u00a0<strong>\u00e9jjeli szekr\u00e9ny \u00e9s olvas\u00f3l\u00e1mpa tal\u00e1lhat\u00f3<\/strong>.<\/li><li>Az opci\u00f3n\u00e1lisan haszn\u00e1lhat\u00f3,\u00a0<strong>kih\u00fazhat\u00f3 kanap\u00e9k cser\u00e9je is megval\u00f3sult<\/strong>. Tetszet\u0151s sz\u00f6vetb\u0151l, rendk\u00edv\u00fcl \u00edzl\u00e9ses, minim\u00e1l formatervez\u00e9ssel, \u00e9s kellemes d\u00edszp\u00e1rn\u00e1kkal \u00e1ll vend\u00e9geink rendelkez\u00e9s\u00e9re.<\/li><li>Az\u00a0<strong>\u00e9tkez\u0151asztalok<\/strong>\u00a0\u00e9s a hozz\u00e1juk tartoz\u00f3 sz\u00e9kek mind funkci\u00f3it tekintve, mind diz\u00e1jnban megfelelnek a mai modern trendeknek.<\/li><li><strong>A konyhapult letisztult<\/strong>\u00a0k\u00fclleme, egyar\u00e1nt szolg\u00e1lja a vend\u00e9gek k\u00e9nyelm\u00e9t \u00e9s az el\u0151kel\u0151 megjelen\u00e9st.<\/li><li><strong>A vil\u00e1g\u00edt\u00f3testek \u00e9s az elektromos szerelv\u00e9nyek szint\u00e9n le lettek cser\u00e9lve<\/strong>, illeszkedve az \u00faj megjelen\u00e9shez, eleganci\u00e1hoz.<\/li><li>A berendez\u00e9si t\u00e1rgyakon t\u00fal sz\u00e1llodai textilekkel; h\u00f3feh\u00e9r damaszt \u00e1gynem\u0171vel, d\u00edszp\u00e1rn\u00e1kkal, \u00e1gys\u00e1lakkal tett\u00fck m\u00e9g eleg\u00e1nsabb\u00e1 \u00e9s egyben otthonosabb\u00e1 a szob\u00e1kat.<\/li><\/ul><p><strong>A v\u00e9geredm\u00e9ny: egy rendk\u00edv\u00fcl h\u00edvogat\u00f3, vend\u00e9gmarasztal\u00f3 apartman, mely sz\u00e1llodai sz\u00ednvonallal egyen\u00e9rt\u00e9k\u0171 szolg\u00e1ltat\u00e1st k\u00e9pes ny\u00fajtani az idel\u00e1togat\u00f3 vend\u00e9geknek.<\/strong><\/p>\t\t\t\t\t\t<\/div>\n\t\t\t\t<\/div>\n\t\t\t\t\t<\/div>\n\t\t<\/div>\n\t\t\t\t\t\t\t<\/div>\n\t\t<\/section>\n\t\t\t\t<section class=\"elementor-section elementor-top-section elementor-element elementor-element-824c6c9 elementor-section-boxed elementor-section-height-default elementor-section-height-default\" data-id=\"824c6c9\" data-element_type=\"section\">\n\t\t\t\t\t\t<div class=\"elementor-container elementor-column-gap-default\">\n\t\t\t\t\t<div class=\"elementor-column elementor-col-100 elementor-top-column elementor-element elementor-element-880997b\" data-id=\"880997b\" data-element_type=\"column\">\n\t\t\t<div class=\"elementor-widget-wrap elementor-element-populated\">\n\t\t\t\t\t\t\t\t<div class=\"elementor-element elementor-element-1402fa5 elementor-widget elementor-widget-heading\" data-id=\"1402fa5\" data-element_type=\"widget\" data-widget_type=\"heading.default\">\n\t\t\t\t<div class=\"elementor-widget-container\">\n\t\t\t<h2 class=\"elementor-heading-title elementor-size-default\">K\u00d6SZ\u00d6NJ\u00dcK MAGYARORSZ\u00c1G KORM\u00c1NYA T\u00c1MOGAT\u00c1S\u00c1T!<\/h2>\t\t<\/div>\n\t\t\t\t<\/div>\n\t\t\t\t<section class=\"elementor-section elementor-inner-section elementor-element elementor-element-f21a6d2 elementor-section-boxed elementor-section-height-default elementor-section-height-default\" data-id=\"f21a6d2\" data-element_type=\"section\">\n\t\t\t\t\t\t<div class=\"elementor-container elementor-column-gap-default\">\n\t\t\t\t\t<div class=\"elementor-column elementor-col-50 elementor-inner-column elementor-element elementor-element-2fee69e\" data-id=\"2fee69e\" data-element_type=\"column\">\n\t\t\t<div class=\"elementor-widget-wrap elementor-element-populated\">\n\t\t\t\t\t\t\t\t<div class=\"elementor-element elementor-element-73a5d75 elementor-widget elementor-widget-image\" data-id=\"73a5d75\" data-element_type=\"widget\" data-widget_type=\"image.default\">\n\t\t\t\t<div class=\"elementor-widget-container\">\n\t\t\t\t\t\t\t\t\t\t\t\t\t\t\t<img loading=\"lazy\" decoding=\"async\" width=\"980\" height=\"466\" src=\"https:\/\/vegvarspa.com\/wp-content\/uploads\/2023\/07\/download-1-2.jpg\" class=\"attachment-large size-large wp-image-192\" alt=\"\" srcset=\"https:\/\/vegvarspa.com\/wp-content\/uploads\/2023\/07\/download-1-2.jpg 980w, https:\/\/vegvarspa.com\/wp-content\/uploads\/2023\/07\/download-1-2-300x143.jpg 300w, https:\/\/vegvarspa.com\/wp-content\/uploads\/2023\/07\/download-1-2-768x365.jpg 768w\" sizes=\"(max-width: 980px) 100vw, 980px\" \/>\t\t\t\t\t\t\t\t\t\t\t\t\t\t\t<\/div>\n\t\t\t\t<\/div>\n\t\t\t\t\t<\/div>\n\t\t<\/div>\n\t\t\t\t<div class=\"elementor-column elementor-col-50 elementor-inner-column elementor-element elementor-element-98cfe53\" data-id=\"98cfe53\" data-element_type=\"column\">\n\t\t\t<div class=\"elementor-widget-wrap elementor-element-populated\">\n\t\t\t\t\t\t\t\t<div class=\"elementor-element elementor-element-4959654 elementor-widget elementor-widget-heading\" data-id=\"4959654\" data-element_type=\"widget\" data-widget_type=\"heading.default\">\n\t\t\t\t<div class=\"elementor-widget-container\">\n\t\t\t<h2 class=\"elementor-heading-title elementor-size-default\">A T\u00c1MOGAT\u00c1S R\u00c9SZLETEI<\/h2>\t\t<\/div>\n\t\t\t\t<\/div>\n\t\t\t\t<div class=\"elementor-element elementor-element-87d6e8a elementor-widget elementor-widget-text-editor\" data-id=\"87d6e8a\" data-element_type=\"widget\" data-widget_type=\"text-editor.default\">\n\t\t\t\t<div class=\"elementor-widget-container\">\n\t\t\t\t\t\t\t<ul><li>a Kedvezm\u00e9nyezett neve: Balogh Adrienn<\/li><li>a t\u00e1mogatott projekt c\u00edme: Kisfaludy Sz\u00e1ll\u00e1shelyfejleszt\u00e9si Konstrukci\u00f3- mag\u00e1nsz\u00e1ll\u00e1shelyek \u00e9s egy\u00e9b sz\u00e1ll\u00e1shelyek fejleszt\u00e9se<\/li><li>p\u00e1ly\u00e1zat azonos\u00edt\u00f3 sz\u00e1ma: TFC-M-1.1.2-2020-03963<\/li><li>a szerz\u0151d\u00f6tt t\u00e1mogat\u00e1s \u00f6sszege: 3.000.000,-Ft<\/li><li>a t\u00e1mogat\u00e1s m\u00e9rt\u00e9ke (%-ban): 100 %<\/li><li>a t\u00e1mogatott projekt befejez\u00e9si d\u00e1tuma:\u00a0 2020.12.22.<\/li><\/ul>\t\t\t\t\t\t<\/div>\n\t\t\t\t<\/div>\n\t\t\t\t\t<\/div>\n\t\t<\/div>\n\t\t\t\t\t\t\t<\/div>\n\t\t<\/section>\n\t\t\t\t<section class=\"elementor-section elementor-inner-section elementor-element elementor-element-66b96e8 elementor-section-boxed elementor-section-height-default elementor-section-height-default\" data-id=\"66b96e8\" data-element_type=\"section\">\n\t\t\t\t\t\t<div class=\"elementor-container elementor-column-gap-default\">\n\t\t\t\t\t<div class=\"elementor-column elementor-col-50 elementor-inner-column elementor-element elementor-element-9a81ea6\" data-id=\"9a81ea6\" data-element_type=\"column\">\n\t\t\t<div class=\"elementor-widget-wrap elementor-element-populated\">\n\t\t\t\t\t\t\t\t<div class=\"elementor-element elementor-element-80f5c4f elementor-widget elementor-widget-image\" data-id=\"80f5c4f\" data-element_type=\"widget\" data-widget_type=\"image.default\">\n\t\t\t\t<div class=\"elementor-widget-container\">\n\t\t\t\t\t\t\t\t\t\t\t\t\t\t\t<img loading=\"lazy\" decoding=\"async\" width=\"980\" height=\"466\" src=\"https:\/\/vegvarspa.com\/wp-content\/uploads\/2023\/07\/download-2-1.jpg\" class=\"attachment-large size-large wp-image-193\" alt=\"\" srcset=\"https:\/\/vegvarspa.com\/wp-content\/uploads\/2023\/07\/download-2-1.jpg 980w, https:\/\/vegvarspa.com\/wp-content\/uploads\/2023\/07\/download-2-1-300x143.jpg 300w, https:\/\/vegvarspa.com\/wp-content\/uploads\/2023\/07\/download-2-1-768x365.jpg 768w\" sizes=\"(max-width: 980px) 100vw, 980px\" \/>\t\t\t\t\t\t\t\t\t\t\t\t\t\t\t<\/div>\n\t\t\t\t<\/div>\n\t\t\t\t\t<\/div>\n\t\t<\/div>\n\t\t\t\t<div class=\"elementor-column elementor-col-50 elementor-inner-column elementor-element elementor-element-9c343f0\" data-id=\"9c343f0\" data-element_type=\"column\">\n\t\t\t<div class=\"elementor-widget-wrap elementor-element-populated\">\n\t\t\t\t\t\t\t\t<div class=\"elementor-element elementor-element-39ebfc4 elementor-widget elementor-widget-heading\" data-id=\"39ebfc4\" data-element_type=\"widget\" data-widget_type=\"heading.default\">\n\t\t\t\t<div class=\"elementor-widget-container\">\n\t\t\t<h2 class=\"elementor-heading-title elementor-size-default\">A T\u00c1MOGAT\u00c1S R\u00c9SZLETEI<\/h2>\t\t<\/div>\n\t\t\t\t<\/div>\n\t\t\t\t<div class=\"elementor-element elementor-element-e052528 elementor-widget elementor-widget-text-editor\" data-id=\"e052528\" data-element_type=\"widget\" data-widget_type=\"text-editor.default\">\n\t\t\t\t<div class=\"elementor-widget-container\">\n\t\t\t\t\t\t\t<ul><li>a Kedvezm\u00e9nyezett neve: Kalap\u00e1ti Magdona<\/li><li>a t\u00e1mogatott projekt c\u00edme: Kisfaludy Sz\u00e1ll\u00e1shelyfejleszt\u00e9si Konstrukci\u00f3- mag\u00e1nsz\u00e1ll\u00e1shelyek \u00e9s egy\u00e9b sz\u00e1ll\u00e1shelyek fejleszt\u00e9se<\/li><li>p\u00e1ly\u00e1zat azonos\u00edt\u00f3 sz\u00e1ma: TFC-M-1.1.2-2020-03888<\/li><li>a szerz\u0151d\u00f6tt t\u00e1mogat\u00e1s \u00f6sszege: 2.000.000,-Ft<\/li><li>a t\u00e1mogat\u00e1s m\u00e9rt\u00e9ke (%-ban): 100 %<\/li><li>a t\u00e1mogatott projekt befejez\u00e9si d\u00e1tuma:\u00a0 2020.12.21.<\/li><\/ul>\t\t\t\t\t\t<\/div>\n\t\t\t\t<\/div>\n\t\t\t\t\t<\/div>\n\t\t<\/div>\n\t\t\t\t\t\t\t<\/div>\n\t\t<\/section>\n\t\t\t\t<section class=\"elementor-section elementor-inner-section elementor-element elementor-element-eb0ffa8 elementor-section-boxed elementor-section-height-default elementor-section-height-default\" data-id=\"eb0ffa8\" data-element_type=\"section\">\n\t\t\t\t\t\t<div class=\"elementor-container elementor-column-gap-default\">\n\t\t\t\t\t<div class=\"elementor-column elementor-col-50 elementor-inner-column elementor-element elementor-element-d6dea63\" data-id=\"d6dea63\" data-element_type=\"column\">\n\t\t\t<div class=\"elementor-widget-wrap elementor-element-populated\">\n\t\t\t\t\t\t\t\t<div class=\"elementor-element elementor-element-e61c51b elementor-widget elementor-widget-image\" data-id=\"e61c51b\" data-element_type=\"widget\" data-widget_type=\"image.default\">\n\t\t\t\t<div class=\"elementor-widget-container\">\n\t\t\t\t\t\t\t\t\t\t\t\t\t\t\t<img loading=\"lazy\" decoding=\"async\" width=\"980\" height=\"466\" src=\"https:\/\/vegvarspa.com\/wp-content\/uploads\/2023\/07\/download-2-1.jpg\" class=\"attachment-large size-large wp-image-193\" alt=\"\" srcset=\"https:\/\/vegvarspa.com\/wp-content\/uploads\/2023\/07\/download-2-1.jpg 980w, https:\/\/vegvarspa.com\/wp-content\/uploads\/2023\/07\/download-2-1-300x143.jpg 300w, https:\/\/vegvarspa.com\/wp-content\/uploads\/2023\/07\/download-2-1-768x365.jpg 768w\" sizes=\"(max-width: 980px) 100vw, 980px\" \/>\t\t\t\t\t\t\t\t\t\t\t\t\t\t\t<\/div>\n\t\t\t\t<\/div>\n\t\t\t\t\t<\/div>\n\t\t<\/div>\n\t\t\t\t<div class=\"elementor-column elementor-col-50 elementor-inner-column elementor-element elementor-element-14e2a64\" data-id=\"14e2a64\" data-element_type=\"column\">\n\t\t\t<div class=\"elementor-widget-wrap elementor-element-populated\">\n\t\t\t\t\t\t\t\t<div class=\"elementor-element elementor-element-44eee16 elementor-widget elementor-widget-heading\" data-id=\"44eee16\" data-element_type=\"widget\" data-widget_type=\"heading.default\">\n\t\t\t\t<div class=\"elementor-widget-container\">\n\t\t\t<h2 class=\"elementor-heading-title elementor-size-default\">A T\u00c1MOGAT\u00c1S R\u00c9SZLETEI<\/h2>\t\t<\/div>\n\t\t\t\t<\/div>\n\t\t\t\t<div class=\"elementor-element elementor-element-8a7819b elementor-widget elementor-widget-text-editor\" data-id=\"8a7819b\" data-element_type=\"widget\" data-widget_type=\"text-editor.default\">\n\t\t\t\t<div class=\"elementor-widget-container\">\n\t\t\t\t\t\t\t<ul><li>a Kedvezm\u00e9nyezett neve: Kalap\u00e1ti L\u00e1szl\u00f3<\/li><li>a t\u00e1mogatott projekt c\u00edme: Kisfaludy Sz\u00e1ll\u00e1shelyfejleszt\u00e9si Konstrukci\u00f3- mag\u00e1nsz\u00e1ll\u00e1shelyek \u00e9s egy\u00e9b sz\u00e1ll\u00e1shelyek fejleszt\u00e9se<\/li><li>p\u00e1ly\u00e1zat azonos\u00edt\u00f3 sz\u00e1ma: TFC-M-1.1.2-2020-04019<\/li><li>a szerz\u0151d\u00f6tt t\u00e1mogat\u00e1s \u00f6sszege: 2.000.000,-Ft<\/li><li>a t\u00e1mogat\u00e1s m\u00e9rt\u00e9ke (%-ban): 100 %<\/li><li>a t\u00e1mogatott projekt befejez\u00e9si d\u00e1tuma:\u00a0 2020.12.21.<\/li><\/ul>\t\t\t\t\t\t<\/div>\n\t\t\t\t<\/div>\n\t\t\t\t\t<\/div>\n\t\t<\/div>\n\t\t\t\t\t\t\t<\/div>\n\t\t<\/section>\n\t\t\t\t<section class=\"elementor-section elementor-inner-section elementor-element elementor-element-5d20821 elementor-section-boxed elementor-section-height-default elementor-section-height-default\" data-id=\"5d20821\" data-element_type=\"section\">\n\t\t\t\t\t\t<div class=\"elementor-container elementor-column-gap-default\">\n\t\t\t\t\t<div class=\"elementor-column elementor-col-50 elementor-inner-column elementor-element elementor-element-2fb5326\" data-id=\"2fb5326\" data-element_type=\"column\">\n\t\t\t<div class=\"elementor-widget-wrap elementor-element-populated\">\n\t\t\t\t\t\t\t\t<div class=\"elementor-element elementor-element-fa0a771 elementor-widget elementor-widget-image\" data-id=\"fa0a771\" data-element_type=\"widget\" data-widget_type=\"image.default\">\n\t\t\t\t<div class=\"elementor-widget-container\">\n\t\t\t\t\t\t\t\t\t\t\t\t\t\t\t<img loading=\"lazy\" decoding=\"async\" width=\"980\" height=\"466\" src=\"https:\/\/vegvarspa.com\/wp-content\/uploads\/2023\/07\/download-2-1.jpg\" class=\"attachment-large size-large wp-image-193\" alt=\"\" srcset=\"https:\/\/vegvarspa.com\/wp-content\/uploads\/2023\/07\/download-2-1.jpg 980w, https:\/\/vegvarspa.com\/wp-content\/uploads\/2023\/07\/download-2-1-300x143.jpg 300w, https:\/\/vegvarspa.com\/wp-content\/uploads\/2023\/07\/download-2-1-768x365.jpg 768w\" sizes=\"(max-width: 980px) 100vw, 980px\" \/>\t\t\t\t\t\t\t\t\t\t\t\t\t\t\t<\/div>\n\t\t\t\t<\/div>\n\t\t\t\t\t<\/div>\n\t\t<\/div>\n\t\t\t\t<div class=\"elementor-column elementor-col-50 elementor-inner-column elementor-element elementor-element-6402ff6\" data-id=\"6402ff6\" data-element_type=\"column\">\n\t\t\t<div class=\"elementor-widget-wrap elementor-element-populated\">\n\t\t\t\t\t\t\t\t<div class=\"elementor-element elementor-element-56f1ed9 elementor-widget elementor-widget-heading\" data-id=\"56f1ed9\" data-element_type=\"widget\" data-widget_type=\"heading.default\">\n\t\t\t\t<div class=\"elementor-widget-container\">\n\t\t\t<h2 class=\"elementor-heading-title elementor-size-default\">A T\u00c1MOGAT\u00c1S R\u00c9SZLETEI<\/h2>\t\t<\/div>\n\t\t\t\t<\/div>\n\t\t\t\t<div class=\"elementor-element elementor-element-f0b52b8 elementor-widget elementor-widget-text-editor\" data-id=\"f0b52b8\" data-element_type=\"widget\" data-widget_type=\"text-editor.default\">\n\t\t\t\t<div class=\"elementor-widget-container\">\n\t\t\t\t\t\t\t<ul><li>a Kedvezm\u00e9nyezett neve: Ruzsa Zolt\u00e1n<\/li><li>a t\u00e1mogatott projekt c\u00edme: Kisfaludy Sz\u00e1ll\u00e1shelyfejleszt\u00e9si Konstrukci\u00f3- mag\u00e1nsz\u00e1ll\u00e1shelyek \u00e9s egy\u00e9b sz\u00e1ll\u00e1shelyek fejleszt\u00e9se<\/li><li>p\u00e1ly\u00e1zat azonos\u00edt\u00f3 sz\u00e1ma: TFC-M-1.1.2-2020-04056<\/li><li>a szerz\u0151d\u00f6tt t\u00e1mogat\u00e1s \u00f6sszege: 2.000.000,-Ft<\/li><li>a t\u00e1mogat\u00e1s m\u00e9rt\u00e9ke (%-ban): 100 %<\/li><li>a t\u00e1mogatott projekt befejez\u00e9si d\u00e1tuma:\u00a0 2020.12.21.<\/li><\/ul>\t\t\t\t\t\t<\/div>\n\t\t\t\t<\/div>\n\t\t\t\t\t<\/div>\n\t\t<\/div>\n\t\t\t\t\t\t\t<\/div>\n\t\t<\/section>\n\t\t\t\t\t<\/div>\n\t\t<\/div>\n\t\t\t\t\t\t\t<\/div>\n\t\t<\/section>\n\t\t\t\t\t\t\t<\/div>","protected":false},"excerpt":{"rendered":"<p>KISFALUDY PROGRAM \u2013 P\u00c1LY\u00c1ZATOK MEGVAL\u00d3SULT FEJLESZT\u00c9SEINK KISFALUDY P\u00c1LY\u00c1ZAT A t\u00e1mogatott projekt a Kisfaludy Turisztikai Fejleszt\u00e9si Program keret\u00e9ben val\u00f3sul meg. K\u00f6sz\u00f6nj\u00fck Magyarorsz\u00e1g korm\u00e1nya t\u00e1mogat\u00e1s\u00e1t! MEGVAL\u00d3SULT FEJLESZT\u00c9SEINK A t\u00e1mogat\u00e1si szerz\u0151d\u00e9s szerinti megval\u00f3s\u00edt\u00e1si hat\u00e1rid\u0151re (2020. 12. 31.) minden tervezett tev\u00e9kenys\u00e9get siker\u00fclt megval\u00f3s\u00edtanunk. A projekt keret\u00e9ben apartmanjaink (a vizesblokk kiv\u00e9tel\u00e9vel)\u00a0 teljes fel\u00faj\u00edt\u00e1son estek \u00e1t.\u00a0A berendez\u00e9si t\u00e1rgyak teljesk\u00f6r\u0171 cser\u00e9j\u00e9n t\u00fal, &#8230; <a title=\"Kisfaludy program\" class=\"read-more\" href=\"http:\/\/vegvarspa.com\/ro\/kisfaludy-program\/\" aria-label=\"More on Kisfaludy program\">Read more<\/a><\/p>","protected":false},"author":1,"featured_media":0,"parent":0,"menu_order":0,"comment_status":"closed","ping_status":"closed","template":"elementor_header_footer","meta":{"footnotes":""},"_links":{"self":[{"href":"http:\/\/vegvarspa.com\/ro\/wp-json\/wp\/v2\/pages\/27"}],"collection":[{"href":"http:\/\/vegvarspa.com\/ro\/wp-json\/wp\/v2\/pages"}],"about":[{"href":"http:\/\/vegvarspa.com\/ro\/wp-json\/wp\/v2\/types\/page"}],"author":[{"embeddable":true,"href":"http:\/\/vegvarspa.com\/ro\/wp-json\/wp\/v2\/users\/1"}],"replies":[{"embeddable":true,"href":"http:\/\/vegvarspa.com\/ro\/wp-json\/wp\/v2\/comments?post=27"}],"version-history":[{"count":31,"href":"http:\/\/vegvarspa.com\/ro\/wp-json\/wp\/v2\/pages\/27\/revisions"}],"predecessor-version":[{"id":410,"href":"http:\/\/vegvarspa.com\/ro\/wp-json\/wp\/v2\/pages\/27\/revisions\/410"}],"wp:attachment":[{"href":"http:\/\/vegvarspa.com\/ro\/wp-json\/wp\/v2\/media?parent=27"}],"curies":[{"name":"wp","href":"https:\/\/api.w.org\/{rel}","templated":true}]}}