{"id":29,"date":"2023-07-13T15:18:37","date_gmt":"2023-07-13T13:18:37","guid":{"rendered":"http:\/\/vegvarspa.com\/?page_id=29"},"modified":"2023-11-29T02:05:50","modified_gmt":"2023-11-29T01:05:50","slug":"visit-gyula-card","status":"publish","type":"page","link":"http:\/\/vegvarspa.com\/ro\/visit-gyula-card\/","title":{"rendered":"Visit Gyula Card"},"content":{"rendered":"<div data-elementor-type=\"wp-page\" data-elementor-id=\"29\" class=\"elementor elementor-29\">\n\t\t\t\t\t\t\t\t\t<section class=\"elementor-section elementor-top-section elementor-element elementor-element-766c313 elementor-section-height-min-height elementor-section-boxed elementor-section-height-default elementor-section-items-middle\" data-id=\"766c313\" data-element_type=\"section\" data-settings=\"{&quot;background_background&quot;:&quot;classic&quot;,&quot;shape_divider_bottom&quot;:&quot;triangle&quot;,&quot;shape_divider_bottom_negative&quot;:&quot;yes&quot;}\">\n\t\t\t\t\t\t\t<div class=\"elementor-background-overlay\"><\/div>\n\t\t\t\t\t\t<div class=\"elementor-shape elementor-shape-bottom\" data-negative=\"true\">\n\t\t\t<svg xmlns=\"http:\/\/www.w3.org\/2000\/svg\" viewbox=\"0 0 1000 100\" preserveaspectratio=\"none\">\n\t<path class=\"elementor-shape-fill\" d=\"M500.2,94.7L0,0v100h1000V0L500.2,94.7z\"\/>\n<\/svg>\t\t<\/div>\n\t\t\t\t\t<div class=\"elementor-container elementor-column-gap-default\">\n\t\t\t\t\t<div class=\"elementor-column elementor-col-100 elementor-top-column elementor-element elementor-element-02bdfd5\" data-id=\"02bdfd5\" data-element_type=\"column\">\n\t\t\t<div class=\"elementor-widget-wrap elementor-element-populated\">\n\t\t\t\t\t\t\t\t<div class=\"elementor-element elementor-element-dfd77b5 elementor-widget elementor-widget-heading\" data-id=\"dfd77b5\" data-element_type=\"widget\" data-widget_type=\"heading.default\">\n\t\t\t\t<div class=\"elementor-widget-container\">\n\t\t\t<style>\/*! elementor - v3.13.0 - 08-05-2023 *\/\n.elementor-heading-title{padding:0;margin:0;line-height:1}.elementor-widget-heading .elementor-heading-title[class*=elementor-size-]>a{color:inherit;font-size:inherit;line-height:inherit}.elementor-widget-heading .elementor-heading-title.elementor-size-small{font-size:15px}.elementor-widget-heading .elementor-heading-title.elementor-size-medium{font-size:19px}.elementor-widget-heading .elementor-heading-title.elementor-size-large{font-size:29px}.elementor-widget-heading .elementor-heading-title.elementor-size-xl{font-size:39px}.elementor-widget-heading .elementor-heading-title.elementor-size-xxl{font-size:59px}<\/style><h2 class=\"elementor-heading-title elementor-size-default\">VISIT GYULA CARD<\/h2>\t\t<\/div>\n\t\t\t\t<\/div>\n\t\t\t\t\t<\/div>\n\t\t<\/div>\n\t\t\t\t\t\t\t<\/div>\n\t\t<\/section>\n\t\t\t\t<section class=\"elementor-section elementor-top-section elementor-element elementor-element-ce4dca2 elementor-section-boxed elementor-section-height-default elementor-section-height-default\" data-id=\"ce4dca2\" data-element_type=\"section\">\n\t\t\t\t\t\t<div class=\"elementor-container elementor-column-gap-default\">\n\t\t\t\t\t<div class=\"elementor-column elementor-col-100 elementor-top-column elementor-element elementor-element-5f720c9\" data-id=\"5f720c9\" data-element_type=\"column\">\n\t\t\t<div class=\"elementor-widget-wrap elementor-element-populated\">\n\t\t\t\t\t\t\t\t<div class=\"elementor-element elementor-element-97091bc elementor-widget elementor-widget-heading\" data-id=\"97091bc\" data-element_type=\"widget\" data-widget_type=\"heading.default\">\n\t\t\t\t<div class=\"elementor-widget-container\">\n\t\t\t<h2 class=\"elementor-heading-title elementor-size-default\">Informa\u021bii despre Card<\/h2>\t\t<\/div>\n\t\t\t\t<\/div>\n\t\t\t\t<div class=\"elementor-element elementor-element-084e4a7 elementor-widget elementor-widget-image\" data-id=\"084e4a7\" data-element_type=\"widget\" data-widget_type=\"image.default\">\n\t\t\t\t<div class=\"elementor-widget-container\">\n\t\t\t<style>\/*! elementor - v3.13.0 - 08-05-2023 *\/\n.elementor-widget-image{text-align:center}.elementor-widget-image a{display:inline-block}.elementor-widget-image a img[src$=\".svg\"]{width:48px}.elementor-widget-image img{vertical-align:middle;display:inline-block}<\/style>\t\t\t\t\t\t\t\t\t\t\t\t<img loading=\"lazy\" decoding=\"async\" width=\"1024\" height=\"269\" src=\"https:\/\/vegvarspa.com\/wp-content\/uploads\/2023\/07\/visitcard-almasy-1024x269.jpeg\" class=\"attachment-large size-large wp-image-297\" alt=\"\" srcset=\"https:\/\/vegvarspa.com\/wp-content\/uploads\/2023\/07\/visitcard-almasy-1024x269.jpeg 1024w, https:\/\/vegvarspa.com\/wp-content\/uploads\/2023\/07\/visitcard-almasy-300x79.jpeg 300w, https:\/\/vegvarspa.com\/wp-content\/uploads\/2023\/07\/visitcard-almasy-768x202.jpeg 768w, https:\/\/vegvarspa.com\/wp-content\/uploads\/2023\/07\/visitcard-almasy-1536x404.jpeg 1536w, https:\/\/vegvarspa.com\/wp-content\/uploads\/2023\/07\/visitcard-almasy-18x5.jpeg 18w, https:\/\/vegvarspa.com\/wp-content\/uploads\/2023\/07\/visitcard-almasy.jpeg 1900w\" sizes=\"(max-width: 1024px) 100vw, 1024px\" \/>\t\t\t\t\t\t\t\t\t\t\t\t\t\t\t<\/div>\n\t\t\t\t<\/div>\n\t\t\t\t<section class=\"elementor-section elementor-inner-section elementor-element elementor-element-f306b76 elementor-section-boxed elementor-section-height-default elementor-section-height-default\" data-id=\"f306b76\" data-element_type=\"section\">\n\t\t\t\t\t\t<div class=\"elementor-container elementor-column-gap-default\">\n\t\t\t\t\t<div class=\"elementor-column elementor-col-100 elementor-inner-column elementor-element elementor-element-3c21cde\" data-id=\"3c21cde\" data-element_type=\"column\">\n\t\t\t<div class=\"elementor-widget-wrap elementor-element-populated\">\n\t\t\t\t\t\t\t\t<div class=\"elementor-element elementor-element-005d5ca elementor-widget elementor-widget-text-editor\" data-id=\"005d5ca\" data-element_type=\"widget\" data-widget_type=\"text-editor.default\">\n\t\t\t\t<div class=\"elementor-widget-container\">\n\t\t\t<style>\/*! elementor - v3.13.0 - 08-05-2023 *\/\n.elementor-widget-text-editor.elementor-drop-cap-view-stacked .elementor-drop-cap{background-color:#69727d;color:#fff}.elementor-widget-text-editor.elementor-drop-cap-view-framed .elementor-drop-cap{color:#69727d;border:3px solid;background-color:transparent}.elementor-widget-text-editor:not(.elementor-drop-cap-view-default) .elementor-drop-cap{margin-top:8px}.elementor-widget-text-editor:not(.elementor-drop-cap-view-default) .elementor-drop-cap-letter{width:1em;height:1em}.elementor-widget-text-editor .elementor-drop-cap{float:left;text-align:center;line-height:1;font-size:50px}.elementor-widget-text-editor .elementor-drop-cap-letter{display:inline-block}<\/style>\t\t\t\t<div class=\"et_pb_module et_pb_text et_pb_text_3 et_pb_text_align_left et_pb_bg_layout_light\"><div class=\"et_pb_text_inner\"><p class=\"p1\">Cu cardul de reducere turistic\u0103 Visit Gyula Card gratuit, atrac\u021biile turistice \u0219i furnizorii de servicii ale ora\u0219ului ofer\u0103 oaspe\u021bilor servicii cu reducere sau gratuite, dac\u0103 stau \u00eentr-una dintre cele peste 100 de locuri de cazare partenere apar\u021bin\u00e2nd re\u021belei de parteneri visitgyula.com \u0219i petrec cel pu\u021bin 2 nop\u021bi \u00een Gyula.<\/p><p>Informa\u021bii suplimentare: <a href=\"https:\/\/www.visitgyula.com\/hu\/visit-gyula-card\">https:\/\/www.visitgyula.com\/hu\/visit-gyula-card<\/a><\/p><\/div><\/div>\t\t\t\t\t\t<\/div>\n\t\t\t\t<\/div>\n\t\t\t\t\t<\/div>\n\t\t<\/div>\n\t\t\t\t\t\t\t<\/div>\n\t\t<\/section>\n\t\t\t\t<div class=\"elementor-element elementor-element-5fb42f5 elementor-widget elementor-widget-image\" data-id=\"5fb42f5\" data-element_type=\"widget\" data-widget_type=\"image.default\">\n\t\t\t\t<div class=\"elementor-widget-container\">\n\t\t\t\t\t\t\t\t\t\t\t\t\t\t\t<img loading=\"lazy\" decoding=\"async\" width=\"650\" height=\"279\" src=\"https:\/\/vegvarspa.com\/wp-content\/uploads\/2023\/07\/download-38.jpg\" class=\"attachment-large size-large wp-image-296\" alt=\"\" srcset=\"https:\/\/vegvarspa.com\/wp-content\/uploads\/2023\/07\/download-38.jpg 650w, https:\/\/vegvarspa.com\/wp-content\/uploads\/2023\/07\/download-38-300x129.jpg 300w, https:\/\/vegvarspa.com\/wp-content\/uploads\/2023\/07\/download-38-18x8.jpg 18w\" sizes=\"(max-width: 650px) 100vw, 650px\" \/>\t\t\t\t\t\t\t\t\t\t\t\t\t\t\t<\/div>\n\t\t\t\t<\/div>\n\t\t\t\t\t<\/div>\n\t\t<\/div>\n\t\t\t\t\t\t\t<\/div>\n\t\t<\/section>\n\t\t\t\t\t\t\t<\/div>","protected":false},"excerpt":{"rendered":"<p>VISIT GYULA CARD INFORMCI\u00d3K A K\u00c1RTY\u00c1R\u00d3L Az ingyenes\u00a0Visit Gyula Card turisztikai kedvezm\u00e9nyk\u00e1rtya\u00a0birtok\u00e1ban, a v\u00e1ros turisztikai vonzer\u0151i \u00e9s szolg\u00e1ltat\u00f3i ny\u00fajtanak kedvezm\u00e9nyes vagy ingyenes szolg\u00e1ltat\u00e1sokat a vend\u00e9geknek, amennyiben a visitgyula.com partneri h\u00e1l\u00f3zat\u00e1ba tartoz\u00f3 t\u00f6bb mint 100 partnersz\u00e1ll\u00e1shely valamelyik\u00e9ben sz\u00e1llnak meg \u00e9s\u00a0legal\u00e1bb 2 vend\u00e9g\u00e9jszak\u00e1t Gyul\u00e1n t\u00f6ltenek. R\u00e9szletes inform\u00e1ci\u00f3: https:\/\/www.visitgyula.com\/hu\/visit-gyula-card<\/p>","protected":false},"author":1,"featured_media":0,"parent":0,"menu_order":0,"comment_status":"closed","ping_status":"closed","template":"elementor_header_footer","meta":{"footnotes":""},"_links":{"self":[{"href":"http:\/\/vegvarspa.com\/ro\/wp-json\/wp\/v2\/pages\/29"}],"collection":[{"href":"http:\/\/vegvarspa.com\/ro\/wp-json\/wp\/v2\/pages"}],"about":[{"href":"http:\/\/vegvarspa.com\/ro\/wp-json\/wp\/v2\/types\/page"}],"author":[{"embeddable":true,"href":"http:\/\/vegvarspa.com\/ro\/wp-json\/wp\/v2\/users\/1"}],"replies":[{"embeddable":true,"href":"http:\/\/vegvarspa.com\/ro\/wp-json\/wp\/v2\/comments?post=29"}],"version-history":[{"count":16,"href":"http:\/\/vegvarspa.com\/ro\/wp-json\/wp\/v2\/pages\/29\/revisions"}],"predecessor-version":[{"id":515,"href":"http:\/\/vegvarspa.com\/ro\/wp-json\/wp\/v2\/pages\/29\/revisions\/515"}],"wp:attachment":[{"href":"http:\/\/vegvarspa.com\/ro\/wp-json\/wp\/v2\/media?parent=29"}],"curies":[{"name":"wp","href":"https:\/\/api.w.org\/{rel}","templated":true}]}}