{"id":25,"date":"2023-07-13T15:17:27","date_gmt":"2023-07-13T13:17:27","guid":{"rendered":"http:\/\/vegvarspa.com\/?page_id=25"},"modified":"2026-02-03T12:33:54","modified_gmt":"2026-02-03T11:33:54","slug":"informaciok","status":"publish","type":"page","link":"https:\/\/vegvarspa.com\/en\/informaciok\/","title":{"rendered":"INFORMATION"},"content":{"rendered":"<div data-elementor-type=\"wp-page\" data-elementor-id=\"25\" class=\"elementor elementor-25\">\n\t\t\t\t\t\t\t\t\t<section class=\"elementor-section elementor-top-section elementor-element elementor-element-4c3d411 elementor-section-height-min-height elementor-section-boxed elementor-section-height-default elementor-section-items-middle\" data-id=\"4c3d411\" data-element_type=\"section\" data-settings=\"{&quot;background_background&quot;:&quot;classic&quot;,&quot;shape_divider_bottom&quot;:&quot;triangle&quot;,&quot;shape_divider_bottom_negative&quot;:&quot;yes&quot;}\">\n\t\t\t\t\t\t\t<div class=\"elementor-background-overlay\"><\/div>\n\t\t\t\t\t\t<div class=\"elementor-shape elementor-shape-bottom\" data-negative=\"true\">\n\t\t\t<svg xmlns=\"http:\/\/www.w3.org\/2000\/svg\" viewbox=\"0 0 1000 100\" preserveaspectratio=\"none\">\n\t<path class=\"elementor-shape-fill\" d=\"M500.2,94.7L0,0v100h1000V0L500.2,94.7z\"\/>\n<\/svg>\t\t<\/div>\n\t\t\t\t\t<div class=\"elementor-container elementor-column-gap-default\">\n\t\t\t\t\t<div class=\"elementor-column elementor-col-100 elementor-top-column elementor-element elementor-element-179e4a7\" data-id=\"179e4a7\" data-element_type=\"column\">\n\t\t\t<div class=\"elementor-widget-wrap elementor-element-populated\">\n\t\t\t\t\t\t\t\t<div class=\"elementor-element elementor-element-dbfc9d0 elementor-widget elementor-widget-heading\" data-id=\"dbfc9d0\" data-element_type=\"widget\" data-widget_type=\"heading.default\">\n\t\t\t\t<div class=\"elementor-widget-container\">\n\t\t\t<style>\/*! elementor - v3.13.0 - 08-05-2023 *\/\n.elementor-heading-title{padding:0;margin:0;line-height:1}.elementor-widget-heading .elementor-heading-title[class*=elementor-size-]>a{color:inherit;font-size:inherit;line-height:inherit}.elementor-widget-heading .elementor-heading-title.elementor-size-small{font-size:15px}.elementor-widget-heading .elementor-heading-title.elementor-size-medium{font-size:19px}.elementor-widget-heading .elementor-heading-title.elementor-size-large{font-size:29px}.elementor-widget-heading .elementor-heading-title.elementor-size-xl{font-size:39px}.elementor-widget-heading .elementor-heading-title.elementor-size-xxl{font-size:59px}<\/style><h2 class=\"elementor-heading-title elementor-size-default\">INFORMATION<\/h2>\t\t<\/div>\n\t\t\t\t<\/div>\n\t\t\t\t\t<\/div>\n\t\t<\/div>\n\t\t\t\t\t\t\t<\/div>\n\t\t<\/section>\n\t\t\t\t<section class=\"elementor-section elementor-top-section elementor-element elementor-element-2ecb5bc elementor-section-boxed elementor-section-height-default elementor-section-height-default\" data-id=\"2ecb5bc\" data-element_type=\"section\">\n\t\t\t\t\t\t<div class=\"elementor-container elementor-column-gap-default\">\n\t\t\t\t\t<div class=\"elementor-column elementor-col-100 elementor-top-column elementor-element elementor-element-51b5134\" data-id=\"51b5134\" data-element_type=\"column\">\n\t\t\t<div class=\"elementor-widget-wrap elementor-element-populated\">\n\t\t\t\t\t\t\t\t<div class=\"elementor-element elementor-element-c791b08 elementor-widget elementor-widget-heading\" data-id=\"c791b08\" data-element_type=\"widget\" data-widget_type=\"heading.default\">\n\t\t\t\t<div class=\"elementor-widget-container\">\n\t\t\t<h2 class=\"elementor-heading-title elementor-size-default\">ABOUT US<\/h2>\t\t<\/div>\n\t\t\t\t<\/div>\n\t\t\t\t<section class=\"elementor-section elementor-inner-section elementor-element elementor-element-e987e3f elementor-section-boxed elementor-section-height-default elementor-section-height-default\" data-id=\"e987e3f\" data-element_type=\"section\">\n\t\t\t\t\t\t<div class=\"elementor-container elementor-column-gap-default\">\n\t\t\t\t\t<div class=\"elementor-column elementor-col-50 elementor-inner-column elementor-element elementor-element-487952e\" data-id=\"487952e\" data-element_type=\"column\">\n\t\t\t<div class=\"elementor-widget-wrap elementor-element-populated\">\n\t\t\t\t\t\t\t\t<div class=\"elementor-element elementor-element-f379e3a elementor-widget elementor-widget-text-editor\" data-id=\"f379e3a\" data-element_type=\"widget\" data-widget_type=\"text-editor.default\">\n\t\t\t\t<div class=\"elementor-widget-container\">\n\t\t\t<style>\/*! elementor - v3.13.0 - 08-05-2023 *\/\n.elementor-widget-text-editor.elementor-drop-cap-view-stacked .elementor-drop-cap{background-color:#69727d;color:#fff}.elementor-widget-text-editor.elementor-drop-cap-view-framed .elementor-drop-cap{color:#69727d;border:3px solid;background-color:transparent}.elementor-widget-text-editor:not(.elementor-drop-cap-view-default) .elementor-drop-cap{margin-top:8px}.elementor-widget-text-editor:not(.elementor-drop-cap-view-default) .elementor-drop-cap-letter{width:1em;height:1em}.elementor-widget-text-editor .elementor-drop-cap{float:left;text-align:center;line-height:1;font-size:50px}.elementor-widget-text-editor .elementor-drop-cap-letter{display:inline-block}<\/style>\t\t\t\t<p align=\"JUSTIFY\">V\u00c9GV\u00c1R SPA is located in the heart of the historical town Gyula, town which is full of colourful programs. The building is located 400 meters far from the Castle Spa, famous for its medicinal water, as well as from the single intact Gothic brick castle in Europe.<\/p><p align=\"JUSTIFY\">A k\u00e9tszintes 35 f\u0151 befogad\u00e1s\u00e1ra alkalmas sz\u00e1ll\u00e1shely\u00fcnk 11db 2-4 f\u0151s, egy l\u00e9gter\u0171 apartmanjai, saj\u00e1t l\u00e9gkondicion\u00e1l\u00f3val, LCD telev\u00edzi\u00f3val, ingyenes wifi haszn\u00e1lattal, minikonyh\u00e1val \u00e9s f\u00fcrd\u0151szob\u00e1val felszereltek. Sz\u00e1ll\u00e1shely\u00fcnk teljesen bababar\u00e1t, 3 \u00e9ves korig ingyenesen vehet\u0151 ig\u00e9nybe.\u00a0<\/p><p align=\"JUSTIFY\">We provide barbecue facilities in the garden area. Free parking is available in our closed yard. A generous continental buffet breakfast is available upon request.<\/p><p align=\"JUSTIFY\">Our dining room, which can accommodate 50 people, can be rented for family and company events. Request an offer!<\/p>\t\t\t\t\t\t<\/div>\n\t\t\t\t<\/div>\n\t\t\t\t\t<\/div>\n\t\t<\/div>\n\t\t\t\t<div class=\"elementor-column elementor-col-50 elementor-inner-column elementor-element elementor-element-e70c307\" data-id=\"e70c307\" data-element_type=\"column\">\n\t\t\t<div class=\"elementor-widget-wrap elementor-element-populated\">\n\t\t\t\t\t\t\t\t<div class=\"elementor-element elementor-element-bf7f87f elementor-widget elementor-widget-text-editor\" data-id=\"bf7f87f\" data-element_type=\"widget\" data-widget_type=\"text-editor.default\">\n\t\t\t\t<div class=\"elementor-widget-container\">\n\t\t\t\t\t\t\t<ul><li>Open: 1 January \u2013 31 December<\/li><li><i class=\"correction glyphicon glyphicon-bolt\"><\/i>Immediate confirmation<\/li><li><i class=\"glyphicon glyphicon-distance\"><\/i>Gyulai V\u00e1rf\u00fcrd\u0151 4<span class=\"no-wrap\">00 m<\/span><\/li><li><i class=\"glyphicon glyphicon-distance\"><\/i>Gyula Castle Look-out Tower 400 m\u00a0<span class=\"no-wrap\">400 m<\/span><\/li><li class=\" translation-block\">Almasy Castle 600 m<\/li><li><i class=\"glyphicon glyphicon-distance\"><\/i>The Centennial Confectionery\u00a0<span class=\"no-wrap\">1.1 km<\/span><\/li><li><span class=\"SpanExtractszep_card_shorttxt hidden-xs\">We accept SZ\u00c9P cards: OTP, MKB, K&amp;H<\/span><\/li><li>Bababar\u00e1t sz\u00e1ll\u00e1shely (4 \u00e9ves korig ingyenes)11<i class=\"glyphicon glyphicon-hotel-house\"><\/i> apartman, 31 f\u00e9r\u0151hely<\/li><li><i class=\"glyphicon glyphicon-spoken-language\"><\/i>Languages spoken: Hungarian, Romanian, English<\/li><\/ul>\t\t\t\t\t\t<\/div>\n\t\t\t\t<\/div>\n\t\t\t\t<div class=\"elementor-element elementor-element-b8630fa elementor-widget elementor-widget-text-editor\" data-id=\"b8630fa\" data-element_type=\"widget\" data-widget_type=\"text-editor.default\">\n\t\t\t\t<div class=\"elementor-widget-container\">\n\t\t\t\t\t\t\t<p><strong>Breakfast (upon request):<\/strong><\/p><ul><li><strong>ages 0-4: 0 Ft \/ person<\/strong><\/li><li><strong>4-12 \u00e9ves korig: 2.300 Ft \/ f\u0151<\/strong><\/li><li><strong>12 \u00e9ves kort\u00f3l: 4.000 Ft \/ f\u0151<\/strong><\/li><\/ul><p><strong>Entrance to the wellness zone of the La Vita Premium Pension<\/strong><\/p><ul><li><strong>ages 0-4: 0 Ft \/ person<\/strong><\/li><li><strong>4-12 \u00e9ves korig: 2.500 Ft \/ f\u0151<\/strong><\/li><li><strong><strong>12 \u00e9ves kort\u00f3l: 4.000 Ft \/ f\u0151<\/strong><\/strong><\/li><\/ul><p><strong>INGYENES elektromos t\u00f6lt\u00e9s<\/strong><\/p><ul><li><strong>Vend\u00e9geink sz\u00e1m\u00e1ra ingyenes elektromos aut\u00f3 t\u00f6lt\u00e9si lehet\u0151s\u00e9get biztos\u00edtunk a helysz\u00ednen. \u00c9rkezzen nyugodtan e-aut\u00f3val is. A t\u00f6lt\u00e9s k\u00e9nyelmesen, k\u00fcl\u00f6n d\u00edj n\u00e9lk\u00fcl ig\u00e9nybe vehet\u0151 a tart\u00f3zkod\u00e1s ideje alatt. Extra k\u00f6lts\u00e9gek n\u00e9lk\u00fcl.<\/strong><\/li><\/ul><p><strong style=\"font-size: inherit; font-family: -apple-system, system-ui, BlinkMacSystemFont, 'Segoe UI', Helvetica, Arial, sans-serif, 'Apple Color Emoji', 'Segoe UI Emoji', 'Segoe UI Symbol';\">Kis\u00e1llat:<\/strong><\/p><ul><li><strong>7.500ft\/\u00e9j<\/strong><\/li><\/ul><p><strong>Cancellation<\/strong><\/p><ul><li><strong>If the reservation is cancelled less than 5 days before arrival, the cancellation fee is 1 night's accommodation.<\/strong><\/li><\/ul>\t\t\t\t\t\t<\/div>\n\t\t\t\t<\/div>\n\t\t\t\t\t<\/div>\n\t\t<\/div>\n\t\t\t\t\t\t\t<\/div>\n\t\t<\/section>\n\t\t\t\t\t<\/div>\n\t\t<\/div>\n\t\t\t\t\t\t\t<\/div>\n\t\t<\/section>\n\t\t\t\t\t\t\t<\/div>","protected":false},"excerpt":{"rendered":"<p>INFORM\u00c1CI\u00d3K \u00c1LTAL\u00c1NOS INFORM\u00c1CI\u00d3K A V\u00c9GV\u00c1R SPA a sz\u00ednes programokban b\u0151velked\u0151, t\u00f6rt\u00e9nelmi f\u00fcrd\u0151v\u00e1rosban, Gyula sz\u00edv\u00e9ben tal\u00e1lhat\u00f3. Az \u00e9p\u00fclet a gy\u00f3gyviz\u00e9r\u0151l h\u00edres v\u00e1rf\u00fcrd\u0151t\u0151l \u00e9s Eur\u00f3pa egyetlen s\u00edkvid\u00e9ki g\u00f3tikus \u00e9pen maradt t\u00e9gla v\u00e1r\u00e1t\u00f3l 400 m\u00e9terre tal\u00e1lhat\u00f3. A k\u00e9tszintes 35 f\u0151 befogad\u00e1s\u00e1ra alkalmas sz\u00e1ll\u00e1shely\u00fcnk 11db 2-4 f\u0151s, egy l\u00e9gter\u0171 apartmanjai, saj\u00e1t l\u00e9gkondicion\u00e1l\u00f3val, LCD telev\u00edzi\u00f3val, ingyenes wifi haszn\u00e1lattal, minikonyh\u00e1val \u00e9s &#8230; <a title=\"INFORMATION\" class=\"read-more\" href=\"https:\/\/vegvarspa.com\/en\/informaciok\/\" aria-label=\"More on Inform\u00e1ci\u00f3k\">Read more<\/a><\/p>","protected":false},"author":1,"featured_media":0,"parent":0,"menu_order":0,"comment_status":"closed","ping_status":"closed","template":"elementor_header_footer","meta":{"footnotes":""},"_links":{"self":[{"href":"https:\/\/vegvarspa.com\/en\/wp-json\/wp\/v2\/pages\/25"}],"collection":[{"href":"https:\/\/vegvarspa.com\/en\/wp-json\/wp\/v2\/pages"}],"about":[{"href":"https:\/\/vegvarspa.com\/en\/wp-json\/wp\/v2\/types\/page"}],"author":[{"embeddable":true,"href":"https:\/\/vegvarspa.com\/en\/wp-json\/wp\/v2\/users\/1"}],"replies":[{"embeddable":true,"href":"https:\/\/vegvarspa.com\/en\/wp-json\/wp\/v2\/comments?post=25"}],"version-history":[{"count":49,"href":"https:\/\/vegvarspa.com\/en\/wp-json\/wp\/v2\/pages\/25\/revisions"}],"predecessor-version":[{"id":871,"href":"https:\/\/vegvarspa.com\/en\/wp-json\/wp\/v2\/pages\/25\/revisions\/871"}],"wp:attachment":[{"href":"https:\/\/vegvarspa.com\/en\/wp-json\/wp\/v2\/media?parent=25"}],"curies":[{"name":"wp","href":"https:\/\/api.w.org\/{rel}","templated":true}]}}